{"id":573,"date":"2026-04-01T14:47:37","date_gmt":"2026-04-01T12:47:37","guid":{"rendered":"https:\/\/www.drjohannadahm.com\/?page_id=573"},"modified":"2026-04-01T16:15:10","modified_gmt":"2026-04-01T14:15:10","slug":"the-choice","status":"publish","type":"page","link":"https:\/\/www.drjohannadahm.com\/en\/","title":{"rendered":"The Choice"},"content":{"rendered":"","protected":false},"excerpt":{"rendered":"","protected":false},"author":1,"featured_media":0,"parent":0,"menu_order":0,"comment_status":"closed","ping_status":"closed","template":"","meta":{"_seopress_robots_primary_cat":"","_seopress_titles_title":"Dr. Johanna Dahm \u2013 Entscheidung, Beratung & Entwicklung","_seopress_titles_desc":"Dr. Johanna Dahm unterst\u00fctzt F\u00fchrungskr\u00e4fte, StartUps und Privatpersonen bei Entscheidungen. Business-Strategie oder pers\u00f6nliche Ver\u00e4nderung: Finde deinen Weg.","_seopress_robots_index":"","footnotes":""},"class_list":["post-573","page","type-page","status-publish","hentry"],"_links":{"self":[{"href":"https:\/\/www.drjohannadahm.com\/en\/wp-json\/wp\/v2\/pages\/573","targetHints":{"allow":["GET"]}}],"collection":[{"href":"https:\/\/www.drjohannadahm.com\/en\/wp-json\/wp\/v2\/pages"}],"about":[{"href":"https:\/\/www.drjohannadahm.com\/en\/wp-json\/wp\/v2\/types\/page"}],"author":[{"embeddable":true,"href":"https:\/\/www.drjohannadahm.com\/en\/wp-json\/wp\/v2\/users\/1"}],"replies":[{"embeddable":true,"href":"https:\/\/www.drjohannadahm.com\/en\/wp-json\/wp\/v2\/comments?post=573"}],"version-history":[{"count":9,"href":"https:\/\/www.drjohannadahm.com\/en\/wp-json\/wp\/v2\/pages\/573\/revisions"}],"predecessor-version":[{"id":606,"href":"https:\/\/www.drjohannadahm.com\/en\/wp-json\/wp\/v2\/pages\/573\/revisions\/606"}],"wp:attachment":[{"href":"https:\/\/www.drjohannadahm.com\/en\/wp-json\/wp\/v2\/media?parent=573"}],"curies":[{"name":"wp","href":"https:\/\/api.w.org\/{rel}","templated":true}]}}